{"id":2,"date":"2019-07-12T05:02:04","date_gmt":"2019-07-12T03:02:04","guid":{"rendered":"http:\/\/knihavi.cz\/?page_id=2"},"modified":"2020-07-01T14:34:47","modified_gmt":"2020-07-01T12:34:47","slug":"zkusebni-stranka","status":"publish","type":"page","link":"https:\/\/www.knihavi.cz\/","title":{"rendered":"Katalog M\u011bstsk\u00e9 knihovny Hav\u00ed\u0159ov"},"content":{"rendered":"\n<p><\/p>\n\n\n\n<p>je <a href=\"https:\/\/katalog.knih-havirov.cz\">funk\u010dn\u00ed<\/a>.<\/p>\n\n\n\n<p>Zp\u011bt na <a href=\"https:\/\/www.knihovnahavirov.cz\">web knihovny<\/a><\/p>\n","protected":false},"excerpt":{"rendered":"<p>je funk\u010dn\u00ed. Zp\u011bt na web knihovny<\/p>\n","protected":false},"author":1,"featured_media":0,"parent":0,"menu_order":0,"comment_status":"closed","ping_status":"open","template":"","meta":{"footnotes":""},"class_list":["post-2","page","type-page","status-publish","hentry","entry"],"_links":{"self":[{"href":"https:\/\/www.knihavi.cz\/index.php?rest_route=\/wp\/v2\/pages\/2","targetHints":{"allow":["GET"]}}],"collection":[{"href":"https:\/\/www.knihavi.cz\/index.php?rest_route=\/wp\/v2\/pages"}],"about":[{"href":"https:\/\/www.knihavi.cz\/index.php?rest_route=\/wp\/v2\/types\/page"}],"author":[{"embeddable":true,"href":"https:\/\/www.knihavi.cz\/index.php?rest_route=\/wp\/v2\/users\/1"}],"replies":[{"embeddable":true,"href":"https:\/\/www.knihavi.cz\/index.php?rest_route=%2Fwp%2Fv2%2Fcomments&post=2"}],"version-history":[{"count":8,"href":"https:\/\/www.knihavi.cz\/index.php?rest_route=\/wp\/v2\/pages\/2\/revisions"}],"predecessor-version":[{"id":21,"href":"https:\/\/www.knihavi.cz\/index.php?rest_route=\/wp\/v2\/pages\/2\/revisions\/21"}],"wp:attachment":[{"href":"https:\/\/www.knihavi.cz\/index.php?rest_route=%2Fwp%2Fv2%2Fmedia&parent=2"}],"curies":[{"name":"wp","href":"https:\/\/api.w.org\/{rel}","templated":true}]}}